{"id":34,"date":"2021-11-22T09:40:29","date_gmt":"2021-11-22T09:40:29","guid":{"rendered":"http:\/\/www.ozsafran.com\/?page_id=34"},"modified":"2021-11-22T09:52:39","modified_gmt":"2021-11-22T09:52:39","slug":"iletisim","status":"publish","type":"page","link":"https:\/\/www.ozsafran.com.tr\/?page_id=34","title":{"rendered":"\u0130leti\u015fim"},"content":{"rendered":"\n<h2 class=\"wp-block-heading\"><strong> \u0130STANBUL MERKEZ<\/strong><\/h2>\n\n\n\n<p>Kaz\u0131m Karabekir Mah.956 Sk.Kastamonulu Sk No:3\/Gop-\u0130ST<br>Tel: 212.617 77 44<br>Tel: 212.477 70 21<br>E-mail:ozsafran@hotmail.com<\/p>\n\n\n\n<h1 class=\"wp-block-heading\">BURSA \u015eUBES\u0130<\/h1>\n\n\n\n<p>Yunuseli Mah. 666 SK. No:2<\/p>\n\n\n\n<p>Osmangazi-BURSA<br>Tel: 0541 47770 21<br>Tel: 0535 61798 37<br>E-mail:ozsafran@hotmail.com<\/p>\n\n\n\n<p><\/p>\n\n\n\n<iframe src=\"https:\/\/www.google.com\/maps\/embed?pb=!1m14!1m8!1m3!1d12030.141709598043!2d28.9152961!3d41.0791466!3m2!1i1024!2i768!4f13.1!3m3!1m2!1s0x0%3A0x700cd8b1c2ada376!2zw5Z6IFNhZnJhbiBCw7ZyZWs!5e0!3m2!1str!2str!4v1637574127146!5m2!1str!2str\" width=\"600\" height=\"450\" style=\"border:0;\" allowfullscreen=\"\" loading=\"lazy\"><\/iframe>\n\n\n\n<p><\/p>\n","protected":false},"excerpt":{"rendered":"<p>\u0130STANBUL MERKEZ Kaz\u0131m Karabekir Mah.956 Sk.Kastamonulu Sk No:3\/Gop-\u0130STTel: 212.617 77 44Tel: 212.477 70 21E-mail:ozsafran@hotmail.com BURSA \u015eUBES\u0130 Yunuseli Mah. 666 SK. No:2 Osmangazi-BURSATel: 0541 47770 21Tel: 0535 61798 37E-mail:ozsafran@hotmail.com<\/p>\n","protected":false},"author":1,"featured_media":0,"parent":0,"menu_order":0,"comment_status":"closed","ping_status":"closed","template":"","meta":{"footnotes":""},"class_list":["post-34","page","type-page","status-publish","hentry"],"_links":{"self":[{"href":"https:\/\/www.ozsafran.com.tr\/index.php?rest_route=\/wp\/v2\/pages\/34","targetHints":{"allow":["GET"]}}],"collection":[{"href":"https:\/\/www.ozsafran.com.tr\/index.php?rest_route=\/wp\/v2\/pages"}],"about":[{"href":"https:\/\/www.ozsafran.com.tr\/index.php?rest_route=\/wp\/v2\/types\/page"}],"author":[{"embeddable":true,"href":"https:\/\/www.ozsafran.com.tr\/index.php?rest_route=\/wp\/v2\/users\/1"}],"replies":[{"embeddable":true,"href":"https:\/\/www.ozsafran.com.tr\/index.php?rest_route=%2Fwp%2Fv2%2Fcomments&post=34"}],"version-history":[{"count":14,"href":"https:\/\/www.ozsafran.com.tr\/index.php?rest_route=\/wp\/v2\/pages\/34\/revisions"}],"predecessor-version":[{"id":50,"href":"https:\/\/www.ozsafran.com.tr\/index.php?rest_route=\/wp\/v2\/pages\/34\/revisions\/50"}],"wp:attachment":[{"href":"https:\/\/www.ozsafran.com.tr\/index.php?rest_route=%2Fwp%2Fv2%2Fmedia&parent=34"}],"curies":[{"name":"wp","href":"https:\/\/api.w.org\/{rel}","templated":true}]}}