{"id":31,"date":"2021-11-22T09:39:53","date_gmt":"2021-11-22T09:39:53","guid":{"rendered":"http:\/\/www.ozsafran.com\/?page_id=31"},"modified":"2021-11-22T10:12:39","modified_gmt":"2021-11-22T10:12:39","slug":"belgelerimiz","status":"publish","type":"page","link":"https:\/\/www.ozsafran.com.tr\/?page_id=31","title":{"rendered":"Belgelerimiz"},"content":{"rendered":"\n<h1 class=\"wp-block-heading\">\u00dcretim Politikam\u0131z<\/h1>\n\n\n\n<p><br>Bili\u015fim teknolojisinin geli\u015fimi, bilgisayar destekli \u00e7izim ve projelendirmenin yayg\u0131nla\u015fmas\u0131 da firmam\u0131z\u0131n \u00e7al\u0131\u015fmalar\u0131n\u0131 kolayla\u015ft\u0131rm\u0131\u015f, yenilik\u00e7i ve i\u015finde uzman kadrosu ile sekt\u00f6rdeki yetkinli\u011fini artt\u0131rm\u0131\u015ft\u0131r.<br><br>Yenilenme, \u00fcretim alanlar\u0131n\u0131 geni\u015fletme, yeni teknolojik geli\u015fmelerden faydalanma ve \u00fcr\u00fcnlerin kalite standartlar\u0131n\u0131 en \u00fcst seviyeye \u00e7\u0131karmak her d\u00f6nem i\u00e7in temel hedefimiz olmu\u015ftur.<\/p>\n\n\n\n<p>\u00d6Z SAFRAN olarak s\u00fcrekli m\u00fc\u015fteri memnuniyeti ilkesini g\u00f6zeterek ve sekt\u00f6rdeki yenilikleri takip ederek \u00fcr\u00fcnlerimizin d\u00fcnya standartlar\u0131nda \u00fcretilmesini sa\u011flamak temel ilkemizdir.<\/p>\n\n\n\n<figure class=\"wp-block-gallery columns-2 is-cropped wp-block-gallery-1 is-layout-flex wp-block-gallery-is-layout-flex\"><ul class=\"blocks-gallery-grid\"><li class=\"blocks-gallery-item\"><figure><img loading=\"lazy\" decoding=\"async\" width=\"750\" height=\"1000\" src=\"http:\/\/www.ozsafran.com\/wp-content\/uploads\/2021\/11\/img41.jpg\" alt=\"\" data-id=\"68\" data-full-url=\"http:\/\/www.ozsafran.com\/wp-content\/uploads\/2021\/11\/img41.jpg\" data-link=\"http:\/\/www.ozsafran.com\/?attachment_id=68\" class=\"wp-image-68\" srcset=\"https:\/\/www.ozsafran.com.tr\/wp-content\/uploads\/2021\/11\/img41.jpg 750w, https:\/\/www.ozsafran.com.tr\/wp-content\/uploads\/2021\/11\/img41-225x300.jpg 225w\" sizes=\"auto, (max-width: 750px) 100vw, 750px\" \/><\/figure><\/li><li class=\"blocks-gallery-item\"><figure><img loading=\"lazy\" decoding=\"async\" width=\"750\" height=\"1000\" src=\"http:\/\/www.ozsafran.com\/wp-content\/uploads\/2021\/11\/img42.png\" alt=\"\" data-id=\"69\" data-full-url=\"http:\/\/www.ozsafran.com\/wp-content\/uploads\/2021\/11\/img42.png\" data-link=\"http:\/\/www.ozsafran.com\/?attachment_id=69\" class=\"wp-image-69\" srcset=\"https:\/\/www.ozsafran.com.tr\/wp-content\/uploads\/2021\/11\/img42.png 750w, https:\/\/www.ozsafran.com.tr\/wp-content\/uploads\/2021\/11\/img42-225x300.png 225w\" sizes=\"auto, (max-width: 750px) 100vw, 750px\" \/><\/figure><\/li><\/ul><\/figure>\n","protected":false},"excerpt":{"rendered":"<p>\u00dcretim Politikam\u0131z Bili\u015fim teknolojisinin geli\u015fimi, bilgisayar destekli \u00e7izim ve projelendirmenin yayg\u0131nla\u015fmas\u0131 da firmam\u0131z\u0131n \u00e7al\u0131\u015fmalar\u0131n\u0131 kolayla\u015ft\u0131rm\u0131\u015f, yenilik\u00e7i ve i\u015finde uzman kadrosu ile sekt\u00f6rdeki yetkinli\u011fini artt\u0131rm\u0131\u015ft\u0131r. Yenilenme, \u00fcretim alanlar\u0131n\u0131 geni\u015fletme, yeni teknolojik geli\u015fmelerden faydalanma ve \u00fcr\u00fcnlerin kalite standartlar\u0131n\u0131 en \u00fcst seviyeye \u00e7\u0131karmak her d\u00f6nem i\u00e7in temel hedefimiz olmu\u015ftur. \u00d6Z SAFRAN olarak s\u00fcrekli m\u00fc\u015fteri memnuniyeti ilkesini g\u00f6zeterek ve [&hellip;]<\/p>\n","protected":false},"author":1,"featured_media":0,"parent":0,"menu_order":0,"comment_status":"closed","ping_status":"closed","template":"","meta":{"footnotes":""},"class_list":["post-31","page","type-page","status-publish","hentry"],"_links":{"self":[{"href":"https:\/\/www.ozsafran.com.tr\/index.php?rest_route=\/wp\/v2\/pages\/31","targetHints":{"allow":["GET"]}}],"collection":[{"href":"https:\/\/www.ozsafran.com.tr\/index.php?rest_route=\/wp\/v2\/pages"}],"about":[{"href":"https:\/\/www.ozsafran.com.tr\/index.php?rest_route=\/wp\/v2\/types\/page"}],"author":[{"embeddable":true,"href":"https:\/\/www.ozsafran.com.tr\/index.php?rest_route=\/wp\/v2\/users\/1"}],"replies":[{"embeddable":true,"href":"https:\/\/www.ozsafran.com.tr\/index.php?rest_route=%2Fwp%2Fv2%2Fcomments&post=31"}],"version-history":[{"count":4,"href":"https:\/\/www.ozsafran.com.tr\/index.php?rest_route=\/wp\/v2\/pages\/31\/revisions"}],"predecessor-version":[{"id":71,"href":"https:\/\/www.ozsafran.com.tr\/index.php?rest_route=\/wp\/v2\/pages\/31\/revisions\/71"}],"wp:attachment":[{"href":"https:\/\/www.ozsafran.com.tr\/index.php?rest_route=%2Fwp%2Fv2%2Fmedia&parent=31"}],"curies":[{"name":"wp","href":"https:\/\/api.w.org\/{rel}","templated":true}]}}