{"id":22,"date":"2021-11-22T09:36:33","date_gmt":"2021-11-22T09:36:33","guid":{"rendered":"http:\/\/www.ozsafran.com\/?page_id=22"},"modified":"2021-11-22T10:21:01","modified_gmt":"2021-11-22T10:21:01","slug":"hakkimizda","status":"publish","type":"page","link":"https:\/\/www.ozsafran.com.tr\/?page_id=22","title":{"rendered":"Hakk\u0131m\u0131zda"},"content":{"rendered":"\n<div class=\"wp-block-image\"><figure class=\"alignleft size-full is-resized\"><img loading=\"lazy\" decoding=\"async\" src=\"http:\/\/www.ozsafran.com\/wp-content\/uploads\/2021\/11\/img22.jpg\" alt=\"\" class=\"wp-image-74\" width=\"335\" height=\"335\" srcset=\"https:\/\/www.ozsafran.com.tr\/wp-content\/uploads\/2021\/11\/img22.jpg 1000w, https:\/\/www.ozsafran.com.tr\/wp-content\/uploads\/2021\/11\/img22-300x300.jpg 300w, https:\/\/www.ozsafran.com.tr\/wp-content\/uploads\/2021\/11\/img22-150x150.jpg 150w, https:\/\/www.ozsafran.com.tr\/wp-content\/uploads\/2021\/11\/img22-768x768.jpg 768w\" sizes=\"auto, (max-width: 335px) 100vw, 335px\" \/><\/figure><\/div>\n\n\n\n<p>\u00d6Z SAFRAN B\u00d6REK&nbsp;olarak &#8221;m\u00fc\u015fteri memnuniyeti&#8221; ni ilke olarak kabul etmi\u015f, bu ilkesel sorumluluk i\u00e7erisinde ticari faaliyetini ve buna ba\u011fl\u0131 olarak da geli\u015ftirmeye devam etmi\u015ftir.&nbsp;<\/p>\n\n\n\n<p>\u00c7a\u011f\u0131m\u0131z ticaret hayat\u0131n\u0131n vazge\u00e7ilmez konusu olarak hep g\u00fcndemde olan \u00fcr\u00fcnlerin tan\u0131t\u0131lmas\u0131 ve bu \u00fcr\u00fcnlerin m\u00fc\u015fteriler i\u00e7in g\u00f6z al\u0131c\u0131 hale getirilmesi firmam\u0131z \u00fcr\u00fcnlerinin \u00e7al\u0131\u015ft\u0131\u011f\u0131m\u0131z t\u00fcm sekt\u00f6rlerde bir k\u00f6pr\u00fc oldu\u011funun g\u00f6stergesidir. Bu \u00e7er\u00e7eveden bak\u0131ld\u0131\u011f\u0131 takdirde yapt\u0131\u011f\u0131m\u0131z i\u015fin ciddiyeti daha \u00e7ok \u00f6nem kazanmaktad\u0131r.<\/p>\n\n\n\n<p>Bununla beraber; yeni teknolojik geli\u015fmeler, yeni \u00fcretim ara\u00e7 ve gere\u00e7leri, \u00e7al\u0131\u015fma mek\u00e2nlar\u0131n\u0131n \u00e7o\u011falmas\u0131, firmam\u0131z\u0131n \u00e7a\u011fda\u015f yakla\u015f\u0131mlara y\u00f6nelerek s\u00fcrekli kendini yenilemesine esas te\u015fkil etmi\u015ftir.&nbsp;&nbsp;<\/p>\n\n\n\n<p><\/p>\n\n\n\n<p><\/p>\n\n\n\n<p>Devaml\u0131 kendini geli\u015ftirmenin i\u015f hayat\u0131n\u0131n de\u011fi\u015fmez \u015fart\u0131 oldu\u011funu d\u00fc\u015f\u00fcnen firmam\u0131z \u00e7a\u011f\u0131na uygun yap\u0131lanman\u0131n gereklerinden olan internet sayfas\u0131 ile de m\u00fc\u015fterilerinin fiyat takibinin yap\u0131lmas\u0131n\u0131 sanal ortamda online olarak ger\u00e7ekle\u015ftirmi\u015ftir..<\/p>\n\n\n\n<figure class=\"wp-block-image size-full is-resized\"><img loading=\"lazy\" decoding=\"async\" src=\"http:\/\/www.ozsafran.com\/wp-content\/uploads\/2021\/11\/img21.jpg\" alt=\"\" class=\"wp-image-94\" width=\"352\" height=\"352\" srcset=\"https:\/\/www.ozsafran.com.tr\/wp-content\/uploads\/2021\/11\/img21.jpg 1000w, https:\/\/www.ozsafran.com.tr\/wp-content\/uploads\/2021\/11\/img21-300x300.jpg 300w, https:\/\/www.ozsafran.com.tr\/wp-content\/uploads\/2021\/11\/img21-150x150.jpg 150w, https:\/\/www.ozsafran.com.tr\/wp-content\/uploads\/2021\/11\/img21-768x768.jpg 768w\" sizes=\"auto, (max-width: 352px) 100vw, 352px\" \/><\/figure>\n\n\n\n<p>M\u00fc\u015fterilerinin hepsine ayn\u0131 titizlik ve anlay\u0131\u015f\u0131 uygulayan \u015firketimiz kendini daha g\u00fczel g\u00fcnlere sayg\u0131n m\u00fc\u015fterileri sayesinde ula\u015faca\u011f\u0131n\u0131n bilincinde olman\u0131n verdi\u011fi sorumluluk sayesinde hareket etmektedir.<\/p>\n","protected":false},"excerpt":{"rendered":"<p>\u00d6Z SAFRAN B\u00d6REK&nbsp;olarak &#8221;m\u00fc\u015fteri memnuniyeti&#8221; ni ilke olarak kabul etmi\u015f, bu ilkesel sorumluluk i\u00e7erisinde ticari faaliyetini ve buna ba\u011fl\u0131 olarak da geli\u015ftirmeye devam etmi\u015ftir.&nbsp; \u00c7a\u011f\u0131m\u0131z ticaret hayat\u0131n\u0131n vazge\u00e7ilmez konusu olarak hep g\u00fcndemde olan \u00fcr\u00fcnlerin tan\u0131t\u0131lmas\u0131 ve bu \u00fcr\u00fcnlerin m\u00fc\u015fteriler i\u00e7in g\u00f6z al\u0131c\u0131 hale getirilmesi firmam\u0131z \u00fcr\u00fcnlerinin \u00e7al\u0131\u015ft\u0131\u011f\u0131m\u0131z t\u00fcm sekt\u00f6rlerde bir k\u00f6pr\u00fc oldu\u011funun g\u00f6stergesidir. Bu \u00e7er\u00e7eveden [&hellip;]<\/p>\n","protected":false},"author":1,"featured_media":0,"parent":0,"menu_order":0,"comment_status":"closed","ping_status":"closed","template":"","meta":{"footnotes":""},"class_list":["post-22","page","type-page","status-publish","hentry"],"_links":{"self":[{"href":"https:\/\/www.ozsafran.com.tr\/index.php?rest_route=\/wp\/v2\/pages\/22","targetHints":{"allow":["GET"]}}],"collection":[{"href":"https:\/\/www.ozsafran.com.tr\/index.php?rest_route=\/wp\/v2\/pages"}],"about":[{"href":"https:\/\/www.ozsafran.com.tr\/index.php?rest_route=\/wp\/v2\/types\/page"}],"author":[{"embeddable":true,"href":"https:\/\/www.ozsafran.com.tr\/index.php?rest_route=\/wp\/v2\/users\/1"}],"replies":[{"embeddable":true,"href":"https:\/\/www.ozsafran.com.tr\/index.php?rest_route=%2Fwp%2Fv2%2Fcomments&post=22"}],"version-history":[{"count":7,"href":"https:\/\/www.ozsafran.com.tr\/index.php?rest_route=\/wp\/v2\/pages\/22\/revisions"}],"predecessor-version":[{"id":96,"href":"https:\/\/www.ozsafran.com.tr\/index.php?rest_route=\/wp\/v2\/pages\/22\/revisions\/96"}],"wp:attachment":[{"href":"https:\/\/www.ozsafran.com.tr\/index.php?rest_route=%2Fwp%2Fv2%2Fmedia&parent=22"}],"curies":[{"name":"wp","href":"https:\/\/api.w.org\/{rel}","templated":true}]}}